{"id":6252,"date":"2022-04-08T06:03:26","date_gmt":"2022-04-08T06:03:26","guid":{"rendered":"https:\/\/patiotime.loftocean.com\/demo-data\/?page_id=6252"},"modified":"2023-09-22T09:37:41","modified_gmt":"2023-09-22T07:37:41","slug":"reservation-opentable","status":"publish","type":"page","link":"https:\/\/lebelamicafe.com\/en\/reservation-opentable\/","title":{"rendered":"Reservation OpenTable"},"content":{"rendered":"<div data-elementor-type=\"wp-page\" data-elementor-id=\"6252\" class=\"elementor elementor-6252\">\n\t\t\t\t\t\t<section class=\"elementor-section elementor-top-section elementor-element elementor-element-69209016 pt-section-content-fullwidth pt-parallax-on-scroll pt_scroll_y_120 elementor-section-boxed elementor-section-height-default elementor-section-height-default\" data-id=\"69209016\" data-element_type=\"section\" data-settings=\"{&quot;background_background&quot;:&quot;classic&quot;}\" data-pt-parallax-y=\"120\" style=\"background-image: none;\" data-pt-background-image=\"https:\/\/lebelamicafe.comwp-content\/uploads\/2023\/08\/AMBIANCE-11-scaled.jpg\">\n\t\t\t\t\t\t\t<div class=\"elementor-background-overlay\"><\/div>\n\t\t\t\t\t\t\t<div class=\"elementor-container elementor-column-gap-no\">\n\t\t\t\t\t<div class=\"elementor-column elementor-col-100 elementor-top-column elementor-element elementor-element-6d267af2 dark-color\" data-id=\"6d267af2\" data-element_type=\"column\">\n\t\t\t<div class=\"elementor-widget-wrap elementor-element-populated\">\n\t\t\t\t\t\t<div class=\"elementor-element elementor-element-553e8a2c elementor-widget elementor-widget-spacer\" data-id=\"553e8a2c\" data-element_type=\"widget\" data-widget_type=\"spacer.default\">\n\t\t\t\t<div class=\"elementor-widget-container\">\n\t\t\t<style>\/*! elementor - v3.19.0 - 28-02-2024 *\/\n.elementor-column .elementor-spacer-inner{height:var(--spacer-size)}.e-con{--container-widget-width:100%}.e-con-inner>.elementor-widget-spacer,.e-con>.elementor-widget-spacer{width:var(--container-widget-width,var(--spacer-size));--align-self:var(--container-widget-align-self,initial);--flex-shrink:0}.e-con-inner>.elementor-widget-spacer>.elementor-widget-container,.e-con>.elementor-widget-spacer>.elementor-widget-container{height:100%;width:100%}.e-con-inner>.elementor-widget-spacer>.elementor-widget-container>.elementor-spacer,.e-con>.elementor-widget-spacer>.elementor-widget-container>.elementor-spacer{height:100%}.e-con-inner>.elementor-widget-spacer>.elementor-widget-container>.elementor-spacer>.elementor-spacer-inner,.e-con>.elementor-widget-spacer>.elementor-widget-container>.elementor-spacer>.elementor-spacer-inner{height:var(--container-widget-height,var(--spacer-size))}.e-con-inner>.elementor-widget-spacer.elementor-widget-empty,.e-con>.elementor-widget-spacer.elementor-widget-empty{position:relative;min-height:22px;min-width:22px}.e-con-inner>.elementor-widget-spacer.elementor-widget-empty .elementor-widget-empty-icon,.e-con>.elementor-widget-spacer.elementor-widget-empty .elementor-widget-empty-icon{position:absolute;top:0;bottom:0;left:0;right:0;margin:auto;padding:0;width:22px;height:22px}<\/style>\t\t<div class=\"elementor-spacer\">\n\t\t\t<div class=\"elementor-spacer-inner\"><\/div>\n\t\t<\/div>\n\t\t\t\t<\/div>\n\t\t\t\t<\/div>\n\t\t\t\t\t<\/div>\n\t\t<\/div>\n\t\t\t\t\t<\/div>\n\t\t<\/section>\n\t\t\t\t<section class=\"elementor-section elementor-top-section elementor-element elementor-element-49a2d8b3 elementor-section-boxed elementor-section-height-default elementor-section-height-default\" data-id=\"49a2d8b3\" data-element_type=\"section\" data-settings=\"{&quot;background_background&quot;:&quot;classic&quot;}\">\n\t\t\t\t\t\t\t<div class=\"elementor-background-overlay\"><\/div>\n\t\t\t\t\t\t\t<div class=\"elementor-container elementor-column-gap-no\">\n\t\t\t\t\t<div class=\"elementor-column elementor-col-100 elementor-top-column elementor-element elementor-element-4b391e8f\" data-id=\"4b391e8f\" data-element_type=\"column\">\n\t\t\t<div class=\"elementor-widget-wrap elementor-element-populated\">\n\t\t\t\t\t\t<div class=\"elementor-element elementor-element-3fbb71ea elementor-widget elementor-widget-pt_title\" data-id=\"3fbb71ea\" data-element_type=\"widget\" data-widget_type=\"pt_title.default\">\n\t\t\t\t<div class=\"elementor-widget-container\">\n\t\t\t\n        <div class=\"pt-title-wrap text-center\">\t            <div class=\"pt-subtitle-wrap\"><span class=\"pt-subtitle style-bordered\">Privatisation<\/span><\/div>\t            <h4 class=\"pt-title\">\n\t                I want to hold my event at Bel-Ami\t            <\/h4>\t            <div class=\"pt-title-text\">\n\t                <div id=\"comp-j7ede6fd\" class=\"BaOVQ8 tz5f0K comp-j7ede6fd wixui-rich-text\" data-testid=\"richTextElement\" data-angle=\"0\" data-angle-style-location=\"style\" data-screen-in-hide=\"done\"><p class=\"font_8 wixui-rich-text__text\"><span class=\"wixui-rich-text__text\">Would you like to organize an event? Our team is available and reactive to respond to all types of requests, in order to carry out your events. <\/span><span class=\"wixui-rich-text__text\">sur-mesure!\u00a0<\/span><\/p><p class=\"font_8 wixui-rich-text__text\"><span class=\"wixui-rich-text__text\">Please contact us using this form, so that we can analyze your request and contact you directly!<\/span><\/p><\/div>\t            <\/div>        <\/div>\t\t<\/div>\n\t\t\t\t<\/div>\n\t\t\t\t<div class=\"elementor-element elementor-element-b0c2a12 elementor-widget elementor-widget-pt_form_cf7\" data-id=\"b0c2a12\" data-element_type=\"widget\" data-widget_type=\"pt_form_cf7.default\">\n\t\t\t\t<div class=\"elementor-widget-container\">\n\t\t\t            <div class=\"pt-form-cf7 placeholder-normal\">\n                <div class=\"pt-form-cf7-wrap\">\n<div class=\"wpcf7 no-js\" id=\"wpcf7-f6144-o1\" lang=\"en-US\" dir=\"ltr\">\n<div class=\"screen-reader-response\"><p role=\"status\" aria-live=\"polite\" aria-atomic=\"true\"><\/p> <ul><\/ul><\/div>\n<form action=\"\/en\/wp-json\/wp\/v2\/pages\/6252#wpcf7-f6144-o1\" method=\"post\" class=\"wpcf7-form init\" aria-label=\"Contact form\" novalidate=\"novalidate\" data-status=\"init\" data-trp-original-action=\"\/en\/wp-json\/wp\/v2\/pages\/6252#wpcf7-f6144-o1\">\n<div style=\"display: none;\">\n<input type=\"hidden\" name=\"_wpcf7\" value=\"6144\" \/>\n<input type=\"hidden\" name=\"_wpcf7_version\" value=\"5.8.7\" \/>\n<input type=\"hidden\" name=\"_wpcf7_locale\" value=\"en_US\" \/>\n<input type=\"hidden\" name=\"_wpcf7_unit_tag\" value=\"wpcf7-f6144-o1\" \/>\n<input type=\"hidden\" name=\"_wpcf7_container_post\" value=\"0\" \/>\n<input type=\"hidden\" name=\"_wpcf7_posted_data_hash\" value=\"\" \/>\n<\/div>\n<p><label> First name<br \/>\n<span class=\"wpcf7-form-control-wrap\" data-name=\"prenom\"><input size=\"40\" class=\"wpcf7-form-control wpcf7-text wpcf7-validates-as-required\" aria-required=\"true\" aria-invalid=\"false\" value=\"\" type=\"text\" name=\"prenom\" \/><\/span> <\/label>\n<\/p>\n<p><label> Name<br \/>\n<span class=\"wpcf7-form-control-wrap\" data-name=\"nom\"><input size=\"40\" class=\"wpcf7-form-control wpcf7-text wpcf7-validates-as-required\" aria-required=\"true\" aria-invalid=\"false\" value=\"\" type=\"text\" name=\"nom\" \/><\/span> <\/label>\n<\/p>\n<p><label> E-mail*<br \/>\n<span class=\"wpcf7-form-control-wrap\" data-name=\"email\"><input size=\"40\" class=\"wpcf7-form-control wpcf7-email wpcf7-validates-as-required wpcf7-text wpcf7-validates-as-email\" aria-required=\"true\" aria-invalid=\"false\" value=\"\" type=\"email\" name=\"email\" \/><\/span> <\/label>\n<\/p>\n<p><label> Phone<br \/>\n<span class=\"wpcf7-form-control-wrap\" data-name=\"telephone\"><input size=\"40\" class=\"wpcf7-form-control wpcf7-tel wpcf7-validates-as-required wpcf7-text wpcf7-validates-as-tel\" aria-required=\"true\" aria-invalid=\"false\" value=\"\" type=\"tel\" name=\"telephone\" \/><\/span> <\/label>\n<\/p>\n<p><label> Number of participants<br \/>\n<span class=\"wpcf7-form-control-wrap\" data-name=\"nombre-de-personnes\"><input class=\"wpcf7-form-control wpcf7-number wpcf7-validates-as-required wpcf7-validates-as-number\" aria-required=\"true\" aria-invalid=\"false\" value=\"\" type=\"number\" name=\"nombre-de-personnes\" \/><\/span> <\/label>\n<\/p>\n<p><label> Comments<br \/>\n<span class=\"wpcf7-form-control-wrap\" data-name=\"commentaires\"><textarea cols=\"40\" rows=\"10\" class=\"wpcf7-form-control wpcf7-textarea\" aria-invalid=\"false\" name=\"commentaires\"><\/textarea><\/span> <\/label>\n<\/p>\n<p><input class=\"wpcf7-form-control wpcf7-submit has-spinner\" type=\"submit\" value=\"Ask for a quote\" \/>\n<\/p><div class=\"wpcf7-response-output\" aria-hidden=\"true\"><\/div>\n<input type=\"hidden\" name=\"trp-form-language\" value=\"en\"\/><\/form>\n<\/div>\n<\/div>\n            <\/div>\t\t<\/div>\n\t\t\t\t<\/div>\n\t\t\t\t\t<\/div>\n\t\t<\/div>\n\t\t\t\t\t<\/div>\n\t\t<\/section>\n\t\t\t\t<section class=\"elementor-section elementor-top-section elementor-element elementor-element-19310315 pt-section-content-fullwidth pt-animation-medium-offset elementor-section-boxed elementor-section-height-default elementor-section-height-default elementor-invisible\" data-id=\"19310315\" data-element_type=\"section\" data-settings=\"{&quot;animation&quot;:&quot;fadeInUp&quot;}\">\n\t\t\t\t\t\t<div class=\"elementor-container elementor-column-gap-narrow\">\n\t\t\t\t\t<div class=\"elementor-column elementor-col-33 elementor-top-column elementor-element elementor-element-67d5f45f\" data-id=\"67d5f45f\" data-element_type=\"column\">\n\t\t\t<div class=\"elementor-widget-wrap elementor-element-populated\">\n\t\t\t\t\t\t<div class=\"elementor-element elementor-element-60f4180d elementor-widget elementor-widget-pt_call_to_action\" data-id=\"60f4180d\" data-element_type=\"widget\" data-settings=\"{&quot;overlay_background&quot;:&quot;classic&quot;}\" data-widget_type=\"pt_call_to_action.default\">\n\t\t\t\t<div class=\"elementor-widget-container\">\n\t\t\t\n\t\t<div class=\"pt-cta cta-layout-text-overlap content-bottom text-center cta-hover-img-zoom dark-color\">\n            <div class=\"pt-cta-wrap\">\t                <div class=\"pt-cta-img\">\n\t                    <img fetchpriority=\"high\" decoding=\"async\" width=\"1920\" height=\"2560\" src=\"https:\/\/lebelamicafe.com\/wp-content\/uploads\/2023\/08\/BEARCUB-170223125-2-Modifier-scaled.jpg\" class=\"attachment-full size-full wp-image-6655\" alt=\"\" srcset=\"https:\/\/lebelamicafe.com\/wp-content\/uploads\/2023\/08\/BEARCUB-170223125-2-Modifier-scaled.jpg 1920w, https:\/\/lebelamicafe.com\/wp-content\/uploads\/2023\/08\/BEARCUB-170223125-2-Modifier-225x300.jpg 225w, https:\/\/lebelamicafe.com\/wp-content\/uploads\/2023\/08\/BEARCUB-170223125-2-Modifier-768x1024.jpg 768w, https:\/\/lebelamicafe.com\/wp-content\/uploads\/2023\/08\/BEARCUB-170223125-2-Modifier-1152x1536.jpg 1152w, https:\/\/lebelamicafe.com\/wp-content\/uploads\/2023\/08\/BEARCUB-170223125-2-Modifier-1536x2048.jpg 1536w, https:\/\/lebelamicafe.com\/wp-content\/uploads\/2023\/08\/BEARCUB-170223125-2-Modifier-1440x1920.jpg 1440w, https:\/\/lebelamicafe.com\/wp-content\/uploads\/2023\/08\/BEARCUB-170223125-2-Modifier-1200x1600.jpg 1200w, https:\/\/lebelamicafe.com\/wp-content\/uploads\/2023\/08\/BEARCUB-170223125-2-Modifier-780x1040.jpg 780w, https:\/\/lebelamicafe.com\/wp-content\/uploads\/2023\/08\/BEARCUB-170223125-2-Modifier-600x800.jpg 600w, https:\/\/lebelamicafe.com\/wp-content\/uploads\/2023\/08\/BEARCUB-170223125-2-Modifier-550x733.jpg 550w, https:\/\/lebelamicafe.com\/wp-content\/uploads\/2023\/08\/BEARCUB-170223125-2-Modifier-370x493.jpg 370w, https:\/\/lebelamicafe.com\/wp-content\/uploads\/2023\/08\/BEARCUB-170223125-2-Modifier-255x340.jpg 255w\" sizes=\"(max-width: 1920px) 100vw, 1920px\" \/>\t                <\/div>                <div class=\"pt-cta-overlay\"><\/div>\n\n                <div class=\"pt-cta-content\">\t\t\t\t\t<div class=\"pt-subtitle-wrap\"><span class=\"pt-subtitle color-white\">Formula<\/span><\/div>\t\t            <h6 class=\"pt-cta-title pt-title\">\n\t\t                cocktails &amp; dinners\t\t            <\/h6>\t\t\t<\/div>                <a class=\"pt-cta-link\" href=\"#\"><\/a>            <\/div>\n        <\/div>\t\t<\/div>\n\t\t\t\t<\/div>\n\t\t\t\t<div class=\"elementor-element elementor-element-3895ca75 elementor-widget elementor-widget-pt_title\" data-id=\"3895ca75\" data-element_type=\"widget\" data-widget_type=\"pt_title.default\">\n\t\t\t\t<div class=\"elementor-widget-container\">\n\t\t\t\n        <div class=\"pt-title-wrap text-center\">\t            <div class=\"pt-title-text\">\n\t                <p><strong>3 glasses per person and 6 cocktail pieces <\/strong><em>Ideal for a quick afterwork, recommended time slot 2H\/4H<\/em><\/p><p><strong>5 glasses per person and 8 cocktail pieces <\/strong><em>Ideal for a longer, more festive afterwork, recommended time slot 5H\/7H<\/em><\/p><p><strong>6 glasses per person (including champagne) and 10 cocktail pieces <\/strong><em>Ideal for a gala evening (end-of-year meal or client invitation) recommended time slot 8H\/10H<\/em><\/p>\t            <\/div>        <\/div>\t\t<\/div>\n\t\t\t\t<\/div>\n\t\t\t\t\t<\/div>\n\t\t<\/div>\n\t\t\t\t<div class=\"elementor-column elementor-col-33 elementor-top-column elementor-element elementor-element-6d8c38b9\" data-id=\"6d8c38b9\" data-element_type=\"column\">\n\t\t\t<div class=\"elementor-widget-wrap elementor-element-populated\">\n\t\t\t\t\t\t<div class=\"elementor-element elementor-element-2820ccc9 elementor-widget elementor-widget-pt_call_to_action\" data-id=\"2820ccc9\" data-element_type=\"widget\" data-settings=\"{&quot;overlay_background&quot;:&quot;classic&quot;}\" data-widget_type=\"pt_call_to_action.default\">\n\t\t\t\t<div class=\"elementor-widget-container\">\n\t\t\t\n\t\t<div class=\"pt-cta cta-layout-text-overlap content-top text-center cta-hover-img-zoom dark-color\">\n            <div class=\"pt-cta-wrap\">\t                <div class=\"pt-cta-img\">\n\t                    <img decoding=\"async\" width=\"1920\" height=\"2560\" src=\"https:\/\/lebelamicafe.com\/wp-content\/uploads\/2023\/08\/BEARCUB-170223021-2-Modifier-scaled.jpg\" class=\"attachment-full size-full wp-image-6657\" alt=\"\" srcset=\"https:\/\/lebelamicafe.com\/wp-content\/uploads\/2023\/08\/BEARCUB-170223021-2-Modifier-scaled.jpg 1920w, https:\/\/lebelamicafe.com\/wp-content\/uploads\/2023\/08\/BEARCUB-170223021-2-Modifier-225x300.jpg 225w, https:\/\/lebelamicafe.com\/wp-content\/uploads\/2023\/08\/BEARCUB-170223021-2-Modifier-768x1024.jpg 768w, https:\/\/lebelamicafe.com\/wp-content\/uploads\/2023\/08\/BEARCUB-170223021-2-Modifier-1152x1536.jpg 1152w, https:\/\/lebelamicafe.com\/wp-content\/uploads\/2023\/08\/BEARCUB-170223021-2-Modifier-1536x2048.jpg 1536w, https:\/\/lebelamicafe.com\/wp-content\/uploads\/2023\/08\/BEARCUB-170223021-2-Modifier-1440x1920.jpg 1440w, https:\/\/lebelamicafe.com\/wp-content\/uploads\/2023\/08\/BEARCUB-170223021-2-Modifier-1200x1600.jpg 1200w, https:\/\/lebelamicafe.com\/wp-content\/uploads\/2023\/08\/BEARCUB-170223021-2-Modifier-780x1040.jpg 780w, https:\/\/lebelamicafe.com\/wp-content\/uploads\/2023\/08\/BEARCUB-170223021-2-Modifier-600x800.jpg 600w, https:\/\/lebelamicafe.com\/wp-content\/uploads\/2023\/08\/BEARCUB-170223021-2-Modifier-550x733.jpg 550w, https:\/\/lebelamicafe.com\/wp-content\/uploads\/2023\/08\/BEARCUB-170223021-2-Modifier-370x493.jpg 370w, https:\/\/lebelamicafe.com\/wp-content\/uploads\/2023\/08\/BEARCUB-170223021-2-Modifier-255x340.jpg 255w\" sizes=\"(max-width: 1920px) 100vw, 1920px\" \/>\t                <\/div>                <div class=\"pt-cta-overlay\"><\/div>\n\n                <div class=\"pt-cta-content\">\t\t\t\t\t<div class=\"pt-subtitle-wrap\"><span class=\"pt-subtitle color-white\">Formula<\/span><\/div>\t\t            <h6 class=\"pt-cta-title pt-title\">\n\t\t                Bel ami\t\t            <\/h6>\t\t\t<\/div>                <a class=\"pt-cta-link\" href=\"#\"><\/a>            <\/div>\n        <\/div>\t\t<\/div>\n\t\t\t\t<\/div>\n\t\t\t\t<div class=\"elementor-element elementor-element-a29e08e elementor-widget elementor-widget-pt_title\" data-id=\"a29e08e\" data-element_type=\"widget\" data-widget_type=\"pt_title.default\">\n\t\t\t\t<div class=\"elementor-widget-container\">\n\t\t\t\n        <div class=\"pt-title-wrap text-center\">\t            <div class=\"pt-title-text\">\n\t                <p>STARTER \/ MAIN COURSE \/ DESSERT<\/p><p class=\"font_8 wixui-rich-text__text\"><span class=\"wixui-rich-text__text\">1 bottle of wine for 3<\/span><\/p><p class=\"font_8 wixui-rich-text__text\"><span class=\"wixui-rich-text__text\">1 Cocktail<\/span><\/p>\t            <\/div>        <\/div>\t\t<\/div>\n\t\t\t\t<\/div>\n\t\t\t\t\t<\/div>\n\t\t<\/div>\n\t\t\t\t<div class=\"elementor-column elementor-col-33 elementor-top-column elementor-element elementor-element-34f998fb\" data-id=\"34f998fb\" data-element_type=\"column\">\n\t\t\t<div class=\"elementor-widget-wrap elementor-element-populated\">\n\t\t\t\t\t\t<div class=\"elementor-element elementor-element-74b51551 elementor-widget elementor-widget-pt_call_to_action\" data-id=\"74b51551\" data-element_type=\"widget\" data-settings=\"{&quot;overlay_background&quot;:&quot;classic&quot;}\" data-widget_type=\"pt_call_to_action.default\">\n\t\t\t\t<div class=\"elementor-widget-container\">\n\t\t\t\n\t\t<div class=\"pt-cta cta-layout-text-overlap content-bottom text-center cta-hover-img-zoom dark-color\">\n            <div class=\"pt-cta-wrap\">\t                <div class=\"pt-cta-img\">\n\t                    <img decoding=\"async\" width=\"1920\" height=\"2560\" src=\"https:\/\/lebelamicafe.com\/wp-content\/uploads\/2023\/08\/AMBIANCE-21-scaled.jpg\" class=\"attachment-full size-full wp-image-6658\" alt=\"\" srcset=\"https:\/\/lebelamicafe.com\/wp-content\/uploads\/2023\/08\/AMBIANCE-21-scaled.jpg 1920w, https:\/\/lebelamicafe.com\/wp-content\/uploads\/2023\/08\/AMBIANCE-21-225x300.jpg 225w, https:\/\/lebelamicafe.com\/wp-content\/uploads\/2023\/08\/AMBIANCE-21-768x1024.jpg 768w, https:\/\/lebelamicafe.com\/wp-content\/uploads\/2023\/08\/AMBIANCE-21-1152x1536.jpg 1152w, https:\/\/lebelamicafe.com\/wp-content\/uploads\/2023\/08\/AMBIANCE-21-1536x2048.jpg 1536w, https:\/\/lebelamicafe.com\/wp-content\/uploads\/2023\/08\/AMBIANCE-21-1440x1920.jpg 1440w, https:\/\/lebelamicafe.com\/wp-content\/uploads\/2023\/08\/AMBIANCE-21-1200x1600.jpg 1200w, https:\/\/lebelamicafe.com\/wp-content\/uploads\/2023\/08\/AMBIANCE-21-780x1040.jpg 780w, https:\/\/lebelamicafe.com\/wp-content\/uploads\/2023\/08\/AMBIANCE-21-600x800.jpg 600w, https:\/\/lebelamicafe.com\/wp-content\/uploads\/2023\/08\/AMBIANCE-21-550x733.jpg 550w, https:\/\/lebelamicafe.com\/wp-content\/uploads\/2023\/08\/AMBIANCE-21-370x493.jpg 370w, https:\/\/lebelamicafe.com\/wp-content\/uploads\/2023\/08\/AMBIANCE-21-255x340.jpg 255w\" sizes=\"(max-width: 1920px) 100vw, 1920px\" \/>\t                <\/div>                <div class=\"pt-cta-overlay\"><\/div>\n\n                <div class=\"pt-cta-content\">\t\t\t\t\t<div class=\"pt-subtitle-wrap\"><span class=\"pt-subtitle color-white\">Formula<\/span><\/div>\t\t            <h6 class=\"pt-cta-title pt-title\">\n\t\t                Seminar\t\t            <\/h6>\t\t\t<\/div>                <a class=\"pt-cta-link\" href=\"#\"><\/a>            <\/div>\n        <\/div>\t\t<\/div>\n\t\t\t\t<\/div>\n\t\t\t\t<div class=\"elementor-element elementor-element-bedaae9 elementor-widget elementor-widget-pt_title\" data-id=\"bedaae9\" data-element_type=\"widget\" data-widget_type=\"pt_title.default\">\n\t\t\t\t<div class=\"elementor-widget-container\">\n\t\t\t\n        <div class=\"pt-title-wrap text-center\">\t            <div class=\"pt-title-text\">\n\t                <div id=\"comp-kkr4w62j__item-j9r9uxns\" class=\"BaOVQ8 tz5f0K comp-kkr4w62j wixui-rich-text\" data-testid=\"richTextElement\"><p class=\"font_8 wixui-rich-text__text\"><span class=\"wixui-rich-text__text\">Home Breakfast Permanent break <\/span><\/p><p class=\"font_8 wixui-rich-text__text\"><span class=\"wixui-rich-text__text\">Seated lunch OR <\/span><\/p><p class=\"font_8 wixui-rich-text__text\"><span class=\"wixui-rich-text__text\">Cocktail format <\/span><\/p><p class=\"font_8 wixui-rich-text__text\"><span class=\"wixui-rich-text__text\">Meeting package (overhead projector &amp; flipchart)<\/span><\/p><\/div>\t            <\/div>        <\/div>\t\t<\/div>\n\t\t\t\t<\/div>\n\t\t\t\t\t<\/div>\n\t\t<\/div>\n\t\t\t\t\t<\/div>\n\t\t<\/section>\n\t\t\t\t<section class=\"elementor-section elementor-top-section elementor-element elementor-element-32a618a elementor-section-boxed elementor-section-height-default elementor-section-height-default\" data-id=\"32a618a\" data-element_type=\"section\" data-settings=\"{&quot;background_background&quot;:&quot;classic&quot;}\">\n\t\t\t\t\t\t\t<div class=\"elementor-background-overlay\"><\/div>\n\t\t\t\t\t\t\t<div class=\"elementor-container elementor-column-gap-no\">\n\t\t\t\t\t<div class=\"elementor-column elementor-col-100 elementor-top-column elementor-element elementor-element-653df0e\" data-id=\"653df0e\" data-element_type=\"column\">\n\t\t\t<div class=\"elementor-widget-wrap elementor-element-populated\">\n\t\t\t\t\t\t<div class=\"elementor-element elementor-element-9af0f36 elementor-widget elementor-widget-pt_title\" data-id=\"9af0f36\" data-element_type=\"widget\" data-widget_type=\"pt_title.default\">\n\t\t\t\t<div class=\"elementor-widget-container\">\n\t\t\t\n        <div class=\"pt-title-wrap text-center\">\t            <div class=\"pt-subtitle-wrap\"><span class=\"pt-subtitle style-bordered\"> afterwork, company parties, anniversaries<\/span><\/div>\t            <h4 class=\"pt-title\">\n\t                Prices\t            <\/h4>\t            <div class=\"pt-title-text\">\n\t                <div data-testid=\"richTextElement\" data-angle=\"0\" data-angle-style-location=\"style\" data-screen-in-hide=\"done\">\n<p><strong>Sunday to Wednesday<\/strong> 30 euros per person minimum<\/p>\n<p>The <strong>Thursday<\/strong> 40 euros per person minimum<\/p>\n<p>The <strong>friday<\/strong> 60 euros per person minimum<\/p>\n<p>The <strong>saturday<\/strong> 80 euros per person minimum<\/p>\n<\/div>\t            <\/div>        <\/div>\t\t<\/div>\n\t\t\t\t<\/div>\n\t\t\t\t\t<\/div>\n\t\t<\/div>\n\t\t\t\t\t<\/div>\n\t\t<\/section>\n\t\t\t\t<\/div>","protected":false},"excerpt":{"rendered":"<p>Privatisation Je veux faire mon \u00e9v\u00e8nement chez Bel-Ami Vous souhaitez organiser un \u00e9v\u00e8nement ? Notre \u00e9quipe reste disponible et r\u00e9active pour r\u00e9pondre \u00e0 tous types de demandes, afin de r\u00e9aliser vos \u00e9v\u00e8nements sur-mesure!\u00a0 Merci de nous contacter via ce formulaire, afin que l&rsquo;on puisse analyser votre demande et vous contacter directement ! Pr\u00e9nom* Nom* E-mail* &#8230;<\/p>","protected":false},"author":1,"featured_media":0,"parent":0,"menu_order":0,"comment_status":"closed","ping_status":"closed","template":"template-wide-content.php","meta":{"footnotes":"","patiotime_single_page_hide_site_header":"","patiotime_single_page_site_header_source":"","patiotime_single_page_custom_site_header":"0","patiotime_single_page_custom_sticky_site_header":"0","patiotime_single_page_hide_page_title":"on","patiotime_single_page_header_section_size":"","patiotime_single_page_header_background_color":"","patiotime_single_page_header_background_position_x":"center","patiotime_single_page_header_background_position_y":"center","patiotime_single_page_header_background_size":"cover","patiotime_single_page_header_background_repeat":"off","patiotime_single_page_header_background_scroll":"on","patiotime_single_page_header_text_color":"","patiotime_single_page_header_show_breadcrumb":"","patiotime_single_page_site_footer_hide_main":"","patiotime_single_custom_site_footer_main_source":"","patiotime_single_custom_site_footer_main":"0","patiotime_single_page_site_footer_hide_above":"","patiotime_single_custom_site_footer_above_source":"","patiotime_single_custom_site_footer_above":"0","patiotime_single_page_site_footer_hide_instagram":"","patiotime_single_page_site_footer_hide_bottom":"","patiotime_single_custom_mobile_menu_source":"","patiotime_single_custom_mobile_menu":"0","patiotime_single_custom_mobile_menu_animation":"","patiotime_single_custom_mobile_menu_width":"","patiotime_single_custom_mobile_menu_custom_width":375},"_links":{"self":[{"href":"https:\/\/lebelamicafe.com\/en\/wp-json\/wp\/v2\/pages\/6252"}],"collection":[{"href":"https:\/\/lebelamicafe.com\/en\/wp-json\/wp\/v2\/pages"}],"about":[{"href":"https:\/\/lebelamicafe.com\/en\/wp-json\/wp\/v2\/types\/page"}],"author":[{"embeddable":true,"href":"https:\/\/lebelamicafe.com\/en\/wp-json\/wp\/v2\/users\/1"}],"replies":[{"embeddable":true,"href":"https:\/\/lebelamicafe.com\/en\/wp-json\/wp\/v2\/comments?post=6252"}],"version-history":[{"count":44,"href":"https:\/\/lebelamicafe.com\/en\/wp-json\/wp\/v2\/pages\/6252\/revisions"}],"predecessor-version":[{"id":7040,"href":"https:\/\/lebelamicafe.com\/en\/wp-json\/wp\/v2\/pages\/6252\/revisions\/7040"}],"wp:attachment":[{"href":"https:\/\/lebelamicafe.com\/en\/wp-json\/wp\/v2\/media?parent=6252"}],"curies":[{"name":"wp","href":"https:\/\/api.w.org\/{rel}","templated":true}]}}